{"id":2246,"date":"2024-07-23T08:17:03","date_gmt":"2024-07-23T15:17:03","guid":{"rendered":"https:\/\/www.drreeferalz.com\/trabaja-con-nosotros\/"},"modified":"2025-01-17T05:18:46","modified_gmt":"2025-01-17T12:18:46","slug":"trabaja-con-nosotros","status":"publish","type":"page","link":"https:\/\/www.drreeferalz.com\/es\/trabaja-con-nosotros\/","title":{"rendered":"Trabaja con nosotros"},"content":{"rendered":"\t\t<div data-elementor-type=\"wp-page\" data-elementor-id=\"2246\" class=\"elementor elementor-2246 elementor-1946\">\n\t\t\t\t<div class=\"elementor-element elementor-element-6bd7a38 e-flex e-con-boxed e-con e-parent\" data-id=\"6bd7a38\" data-element_type=\"container\" data-settings=\"{&quot;background_background&quot;:&quot;classic&quot;}\">\n\t\t\t\t\t<div class=\"e-con-inner\">\n\t\t\t\t<div class=\"elementor-element elementor-element-fa370cc elementor-widget elementor-widget-heading\" data-id=\"fa370cc\" data-element_type=\"widget\" data-widget_type=\"heading.default\">\n\t\t\t\t<div class=\"elementor-widget-container\">\n\t\t\t\t\t<h1 class=\"elementor-heading-title elementor-size-default\">Trabaja con nosotros<\/h1>\t\t\t\t<\/div>\n\t\t\t\t<\/div>\n\t\t\t\t\t<\/div>\n\t\t\t\t<\/div>\n\t\t<div class=\"elementor-element elementor-element-41fc9e7 e-flex e-con-boxed e-con e-parent\" data-id=\"41fc9e7\" data-element_type=\"container\" data-settings=\"{&quot;background_background&quot;:&quot;classic&quot;}\">\n\t\t\t\t\t<div class=\"e-con-inner\">\n\t\t<div class=\"elementor-element elementor-element-d1c9f32 e-con-full e-flex e-con e-child\" data-id=\"d1c9f32\" data-element_type=\"container\">\n\t\t<div class=\"elementor-element elementor-element-5ee9759 e-flex e-con-boxed e-con e-child\" data-id=\"5ee9759\" data-element_type=\"container\">\n\t\t\t\t\t<div class=\"e-con-inner\">\n\t\t\t\t<div class=\"elementor-element elementor-element-7518e3e dr-form-wrapper get-started--form  elementor-widget elementor-widget-shortcode\" data-id=\"7518e3e\" data-element_type=\"widget\" data-widget_type=\"shortcode.default\">\n\t\t\t\t<div class=\"elementor-widget-container\">\n\t\t\t\t\t\t\t<div class=\"elementor-shortcode\">[gravityform id=\"1\" title=\"verdadero\"]<\/div>\n\t\t\t\t\t\t<\/div>\n\t\t\t\t<\/div>\n\t\t\t\t\t<\/div>\n\t\t\t\t<\/div>\n\t\t\t\t<\/div>\n\t\t\t\t<div class=\"elementor-element elementor-element-5a7e8cb elementor-absolute elementor-widget elementor-widget-image\" data-id=\"5a7e8cb\" data-element_type=\"widget\" data-settings=\"{&quot;_position&quot;:&quot;absolute&quot;}\" data-widget_type=\"image.default\">\n\t\t\t\t<div class=\"elementor-widget-container\">\n\t\t\t\t\t\t\t\t\t\t\t\t\t\t\t<img decoding=\"async\" width=\"143\" height=\"177\" src=\"https:\/\/www.drreeferalz.com\/wp-content\/uploads\/2024\/07\/leaf-left.png\" class=\"attachment-full size-full wp-image-133\" alt=\"leaf-left\" \/>\t\t\t\t\t\t\t\t\t\t\t\t\t\t\t<\/div>\n\t\t\t\t<\/div>\n\t\t\t\t<div class=\"elementor-element elementor-element-7f17fed elementor-absolute elementor-widget elementor-widget-image\" data-id=\"7f17fed\" data-element_type=\"widget\" data-settings=\"{&quot;_position&quot;:&quot;absolute&quot;}\" data-widget_type=\"image.default\">\n\t\t\t\t<div class=\"elementor-widget-container\">\n\t\t\t\t\t\t\t\t\t\t\t\t\t\t\t<img decoding=\"async\" width=\"158\" height=\"150\" src=\"https:\/\/www.drreeferalz.com\/wp-content\/uploads\/2024\/07\/leaf-right.png\" class=\"attachment-full size-full wp-image-132\" alt=\"\" \/>\t\t\t\t\t\t\t\t\t\t\t\t\t\t\t<\/div>\n\t\t\t\t<\/div>\n\t\t\t\t\t<\/div>\n\t\t\t\t<\/div>\n\t\t\t\t<\/div>\n\t\t","protected":false},"excerpt":{"rendered":"<p>Trabaja con nosotros [gravityform id=\u00bb1&#8243; title=\u00bbverdadero\u00bb]<\/p>\n","protected":false},"author":1,"featured_media":0,"parent":0,"menu_order":0,"comment_status":"closed","ping_status":"closed","template":"","meta":{"footnotes":""},"class_list":["post-2246","page","type-page","status-publish","hentry"],"yoast_head":"<!-- This site is optimized with the Yoast SEO plugin v26.3 - https:\/\/yoast.com\/wordpress\/plugins\/seo\/ -->\n<title>Trabaja con nosotros en la evaluaci\u00f3n de la marihuana medicinal | DrReeferAlz<\/title>\n<meta name=\"description\" content=\"\u00danete a DrReeferAlz para una carrera gratificante en la Certificaci\u00f3n de Evaluaci\u00f3n de Marihuana Medicinal. Explora las oportunidades y marca la diferencia en el sector. \u00a1Presenta tu solicitud hoy mismo!\" \/>\n<meta name=\"robots\" content=\"index, follow, max-snippet:-1, max-image-preview:large, max-video-preview:-1\" \/>\n<link rel=\"canonical\" href=\"https:\/\/www.drreeferalz.com\/es\/trabaja-con-nosotros\/\" \/>\n<meta property=\"og:locale\" content=\"es_ES\" \/>\n<meta property=\"og:type\" content=\"article\" \/>\n<meta property=\"og:title\" content=\"Trabaja con nosotros en la evaluaci\u00f3n de la marihuana medicinal | DrReeferAlz\" \/>\n<meta property=\"og:description\" content=\"\u00danete a DrReeferAlz para una carrera gratificante en la Certificaci\u00f3n de Evaluaci\u00f3n de Marihuana Medicinal. Explora las oportunidades y marca la diferencia en el sector. \u00a1Presenta tu solicitud hoy mismo!\" \/>\n<meta property=\"og:url\" content=\"https:\/\/www.drreeferalz.com\/es\/trabaja-con-nosotros\/\" \/>\n<meta property=\"og:site_name\" content=\"Dr. Reeferalz Medical Marijuana Certifications\" \/>\n<meta property=\"article:publisher\" content=\"https:\/\/www.facebook.com\/drreeferalztucson\/\" \/>\n<meta property=\"article:modified_time\" content=\"2025-01-17T12:18:46+00:00\" \/>\n<meta property=\"og:image\" content=\"https:\/\/www.drreeferalz.com\/wp-content\/uploads\/2024\/07\/about-us.png\" \/>\n<meta name=\"twitter:card\" content=\"summary_large_image\" \/>\n<meta name=\"twitter:title\" content=\"Trabaja con nosotros en la evaluaci\u00f3n de la marihuana medicinal | DrReeferAlz\" \/>\n<meta name=\"twitter:description\" content=\"\u00danete a DrReeferAlz para una carrera gratificante en la Certificaci\u00f3n de Evaluaci\u00f3n de Marihuana Medicinal. Explora las oportunidades y marca la diferencia en el sector. \u00a1Presenta tu solicitud hoy mismo!\" \/>\n<meta name=\"twitter:image\" content=\"https:\/\/www.drreeferalz.com\/wp-content\/uploads\/2024\/07\/about-us.png\" \/>\n<script type=\"application\/ld+json\" class=\"yoast-schema-graph\">{\"@context\":\"https:\/\/schema.org\",\"@graph\":[{\"@type\":\"WebPage\",\"@id\":\"https:\/\/www.drreeferalz.com\/es\/trabaja-con-nosotros\/\",\"url\":\"https:\/\/www.drreeferalz.com\/es\/trabaja-con-nosotros\/\",\"name\":\"Trabaja con nosotros en la evaluaci\u00f3n de la marihuana medicinal | DrReeferAlz\",\"isPartOf\":{\"@id\":\"https:\/\/www.drreeferalz.com\/es\/#website\"},\"primaryImageOfPage\":{\"@id\":\"https:\/\/www.drreeferalz.com\/es\/trabaja-con-nosotros\/#primaryimage\"},\"image\":{\"@id\":\"https:\/\/www.drreeferalz.com\/es\/trabaja-con-nosotros\/#primaryimage\"},\"thumbnailUrl\":\"https:\/\/www.drreeferalz.com\/wp-content\/uploads\/2024\/07\/leaf-left.png\",\"datePublished\":\"2024-07-23T15:17:03+00:00\",\"dateModified\":\"2025-01-17T12:18:46+00:00\",\"description\":\"\u00danete a DrReeferAlz para una carrera gratificante en la Certificaci\u00f3n de Evaluaci\u00f3n de Marihuana Medicinal. Explora las oportunidades y marca la diferencia en el sector. \u00a1Presenta tu solicitud hoy mismo!\",\"breadcrumb\":{\"@id\":\"https:\/\/www.drreeferalz.com\/es\/trabaja-con-nosotros\/#breadcrumb\"},\"inLanguage\":\"es\",\"potentialAction\":[{\"@type\":\"ReadAction\",\"target\":[\"https:\/\/www.drreeferalz.com\/es\/trabaja-con-nosotros\/\"]}]},{\"@type\":\"ImageObject\",\"inLanguage\":\"es\",\"@id\":\"https:\/\/www.drreeferalz.com\/es\/trabaja-con-nosotros\/#primaryimage\",\"url\":\"https:\/\/www.drreeferalz.com\/wp-content\/uploads\/2024\/07\/leaf-left.png\",\"contentUrl\":\"https:\/\/www.drreeferalz.com\/wp-content\/uploads\/2024\/07\/leaf-left.png\"},{\"@type\":\"BreadcrumbList\",\"@id\":\"https:\/\/www.drreeferalz.com\/es\/trabaja-con-nosotros\/#breadcrumb\",\"itemListElement\":[{\"@type\":\"ListItem\",\"position\":1,\"name\":\"Home\",\"item\":\"https:\/\/www.drreeferalz.com\/es\/\"},{\"@type\":\"ListItem\",\"position\":2,\"name\":\"Trabaja con nosotros\"}]},{\"@type\":\"WebSite\",\"@id\":\"https:\/\/www.drreeferalz.com\/es\/#website\",\"url\":\"https:\/\/www.drreeferalz.com\/es\/\",\"name\":\"Dr. Reeferalz Medical Marijuana Certifications\",\"description\":\"\",\"potentialAction\":[{\"@type\":\"SearchAction\",\"target\":{\"@type\":\"EntryPoint\",\"urlTemplate\":\"https:\/\/www.drreeferalz.com\/es\/?s={search_term_string}\"},\"query-input\":{\"@type\":\"PropertyValueSpecification\",\"valueRequired\":true,\"valueName\":\"search_term_string\"}}],\"inLanguage\":\"es\"}]}<\/script>\n<!-- \/ Yoast SEO plugin. -->","yoast_head_json":{"title":"Trabaja con nosotros en la evaluaci\u00f3n de la marihuana medicinal | DrReeferAlz","description":"\u00danete a DrReeferAlz para una carrera gratificante en la Certificaci\u00f3n de Evaluaci\u00f3n de Marihuana Medicinal. Explora las oportunidades y marca la diferencia en el sector. \u00a1Presenta tu solicitud hoy mismo!","robots":{"index":"index","follow":"follow","max-snippet":"max-snippet:-1","max-image-preview":"max-image-preview:large","max-video-preview":"max-video-preview:-1"},"canonical":"https:\/\/www.drreeferalz.com\/es\/trabaja-con-nosotros\/","og_locale":"es_ES","og_type":"article","og_title":"Trabaja con nosotros en la evaluaci\u00f3n de la marihuana medicinal | DrReeferAlz","og_description":"\u00danete a DrReeferAlz para una carrera gratificante en la Certificaci\u00f3n de Evaluaci\u00f3n de Marihuana Medicinal. Explora las oportunidades y marca la diferencia en el sector. \u00a1Presenta tu solicitud hoy mismo!","og_url":"https:\/\/www.drreeferalz.com\/es\/trabaja-con-nosotros\/","og_site_name":"Dr. Reeferalz Medical Marijuana Certifications","article_publisher":"https:\/\/www.facebook.com\/drreeferalztucson\/","article_modified_time":"2025-01-17T12:18:46+00:00","og_image":[{"url":"https:\/\/www.drreeferalz.com\/wp-content\/uploads\/2024\/07\/about-us.png","type":"","width":"","height":""}],"twitter_card":"summary_large_image","twitter_title":"Trabaja con nosotros en la evaluaci\u00f3n de la marihuana medicinal | DrReeferAlz","twitter_description":"\u00danete a DrReeferAlz para una carrera gratificante en la Certificaci\u00f3n de Evaluaci\u00f3n de Marihuana Medicinal. Explora las oportunidades y marca la diferencia en el sector. \u00a1Presenta tu solicitud hoy mismo!","twitter_image":"https:\/\/www.drreeferalz.com\/wp-content\/uploads\/2024\/07\/about-us.png","schema":{"@context":"https:\/\/schema.org","@graph":[{"@type":"WebPage","@id":"https:\/\/www.drreeferalz.com\/es\/trabaja-con-nosotros\/","url":"https:\/\/www.drreeferalz.com\/es\/trabaja-con-nosotros\/","name":"Trabaja con nosotros en la evaluaci\u00f3n de la marihuana medicinal | DrReeferAlz","isPartOf":{"@id":"https:\/\/www.drreeferalz.com\/es\/#website"},"primaryImageOfPage":{"@id":"https:\/\/www.drreeferalz.com\/es\/trabaja-con-nosotros\/#primaryimage"},"image":{"@id":"https:\/\/www.drreeferalz.com\/es\/trabaja-con-nosotros\/#primaryimage"},"thumbnailUrl":"https:\/\/www.drreeferalz.com\/wp-content\/uploads\/2024\/07\/leaf-left.png","datePublished":"2024-07-23T15:17:03+00:00","dateModified":"2025-01-17T12:18:46+00:00","description":"\u00danete a DrReeferAlz para una carrera gratificante en la Certificaci\u00f3n de Evaluaci\u00f3n de Marihuana Medicinal. Explora las oportunidades y marca la diferencia en el sector. \u00a1Presenta tu solicitud hoy mismo!","breadcrumb":{"@id":"https:\/\/www.drreeferalz.com\/es\/trabaja-con-nosotros\/#breadcrumb"},"inLanguage":"es","potentialAction":[{"@type":"ReadAction","target":["https:\/\/www.drreeferalz.com\/es\/trabaja-con-nosotros\/"]}]},{"@type":"ImageObject","inLanguage":"es","@id":"https:\/\/www.drreeferalz.com\/es\/trabaja-con-nosotros\/#primaryimage","url":"https:\/\/www.drreeferalz.com\/wp-content\/uploads\/2024\/07\/leaf-left.png","contentUrl":"https:\/\/www.drreeferalz.com\/wp-content\/uploads\/2024\/07\/leaf-left.png"},{"@type":"BreadcrumbList","@id":"https:\/\/www.drreeferalz.com\/es\/trabaja-con-nosotros\/#breadcrumb","itemListElement":[{"@type":"ListItem","position":1,"name":"Home","item":"https:\/\/www.drreeferalz.com\/es\/"},{"@type":"ListItem","position":2,"name":"Trabaja con nosotros"}]},{"@type":"WebSite","@id":"https:\/\/www.drreeferalz.com\/es\/#website","url":"https:\/\/www.drreeferalz.com\/es\/","name":"Dr. Reeferalz Medical Marijuana Certifications","description":"","potentialAction":[{"@type":"SearchAction","target":{"@type":"EntryPoint","urlTemplate":"https:\/\/www.drreeferalz.com\/es\/?s={search_term_string}"},"query-input":{"@type":"PropertyValueSpecification","valueRequired":true,"valueName":"search_term_string"}}],"inLanguage":"es"}]}},"_links":{"self":[{"href":"https:\/\/www.drreeferalz.com\/es\/wp-json\/wp\/v2\/pages\/2246","targetHints":{"allow":["GET"]}}],"collection":[{"href":"https:\/\/www.drreeferalz.com\/es\/wp-json\/wp\/v2\/pages"}],"about":[{"href":"https:\/\/www.drreeferalz.com\/es\/wp-json\/wp\/v2\/types\/page"}],"author":[{"embeddable":true,"href":"https:\/\/www.drreeferalz.com\/es\/wp-json\/wp\/v2\/users\/1"}],"replies":[{"embeddable":true,"href":"https:\/\/www.drreeferalz.com\/es\/wp-json\/wp\/v2\/comments?post=2246"}],"version-history":[{"count":0,"href":"https:\/\/www.drreeferalz.com\/es\/wp-json\/wp\/v2\/pages\/2246\/revisions"}],"wp:attachment":[{"href":"https:\/\/www.drreeferalz.com\/es\/wp-json\/wp\/v2\/media?parent=2246"}],"curies":[{"name":"wp","href":"https:\/\/api.w.org\/{rel}","templated":true}]}}