{"id":2247,"date":"2024-07-25T04:54:17","date_gmt":"2024-07-25T11:54:17","guid":{"rendered":"https:\/\/www.drreeferalz.com\/por-que-nosotros\/"},"modified":"2025-01-26T22:56:53","modified_gmt":"2025-01-27T05:56:53","slug":"por-que-nosotros","status":"publish","type":"page","link":"https:\/\/www.drreeferalz.com\/es\/por-que-nosotros\/","title":{"rendered":"Por qu\u00e9 nosotros"},"content":{"rendered":"\t\t<div data-elementor-type=\"wp-page\" data-elementor-id=\"2247\" class=\"elementor elementor-2247 elementor-2050\">\n\t\t\t\t<div class=\"elementor-element elementor-element-6bd7a38 e-flex e-con-boxed e-con e-parent\" data-id=\"6bd7a38\" data-element_type=\"container\" data-settings=\"{&quot;background_background&quot;:&quot;classic&quot;}\">\n\t\t\t\t\t<div class=\"e-con-inner\">\n\t\t\t\t<div class=\"elementor-element elementor-element-fa370cc elementor-widget elementor-widget-heading\" data-id=\"fa370cc\" data-element_type=\"widget\" data-widget_type=\"heading.default\">\n\t\t\t\t<div class=\"elementor-widget-container\">\n\t\t\t\t\t<h1 class=\"elementor-heading-title elementor-size-default\">Por qu\u00e9 nosotros<\/h1>\t\t\t\t<\/div>\n\t\t\t\t<\/div>\n\t\t\t\t\t<\/div>\n\t\t\t\t<\/div>\n\t\t<div class=\"elementor-element elementor-element-41fc9e7 e-flex e-con-boxed e-con e-parent\" data-id=\"41fc9e7\" data-element_type=\"container\" data-settings=\"{&quot;background_background&quot;:&quot;classic&quot;}\">\n\t\t\t\t\t<div class=\"e-con-inner\">\n\t\t<div class=\"elementor-element elementor-element-d1c9f32 e-con-full e-flex e-con e-child\" data-id=\"d1c9f32\" data-element_type=\"container\">\n\t\t<div class=\"elementor-element elementor-element-5ee9759 e-con-full e-flex e-con e-child\" data-id=\"5ee9759\" data-element_type=\"container\">\n\t\t<div class=\"elementor-element elementor-element-b7c2187 e-con-full e-flex e-con e-child\" data-id=\"b7c2187\" data-element_type=\"container\">\n\t\t\t\t<div class=\"elementor-element elementor-element-966fc6f elementor-widget elementor-widget-image\" data-id=\"966fc6f\" data-element_type=\"widget\" data-widget_type=\"image.default\">\n\t\t\t\t<div class=\"elementor-widget-container\">\n\t\t\t\t\t\t\t\t\t\t\t\t\t\t\t<img fetchpriority=\"high\" decoding=\"async\" width=\"649\" height=\"593\" src=\"https:\/\/www.drreeferalz.com\/wp-content\/uploads\/2024\/11\/why-us-page-img.png\" class=\"attachment-full size-full wp-image-3800\" alt=\"why-us-page-img\" srcset=\"https:\/\/www.drreeferalz.com\/wp-content\/uploads\/2024\/11\/why-us-page-img.png 649w, https:\/\/www.drreeferalz.com\/wp-content\/uploads\/2024\/11\/why-us-page-img-300x274.png 300w\" sizes=\"(max-width: 649px) 100vw, 649px\" \/>\t\t\t\t\t\t\t\t\t\t\t\t\t\t\t<\/div>\n\t\t\t\t<\/div>\n\t\t\t\t<\/div>\n\t\t<div class=\"elementor-element elementor-element-84346f4 e-con-full e-flex e-con e-child\" data-id=\"84346f4\" data-element_type=\"container\">\n\t\t\t\t<div class=\"elementor-element elementor-element-d869bd9 green-text-two elementor-widget__width-initial elementor-widget-tablet__width-inherit elementor-widget elementor-widget-heading\" data-id=\"d869bd9\" data-element_type=\"widget\" data-widget_type=\"heading.default\">\n\t\t\t\t<div class=\"elementor-widget-container\">\n\t\t\t\t\t<h2 class=\"elementor-heading-title elementor-size-default\">\u00bfPor qu\u00e9 elegir <a href=\"https:\/\/www.drreeferalz.com\/es\/empieza\/\"><span class=\"bag-image\"><\/span><\/a> para tu certificaci\u00f3n MMJ?<\/h2>\t\t\t\t<\/div>\n\t\t\t\t<\/div>\n\t\t\t\t<div class=\"elementor-element elementor-element-4db3ac8 elementor-widget__width-initial elementor-widget-tablet__width-inherit elementor-hidden-desktop elementor-hidden-laptop elementor-hidden-tablet_extra elementor-hidden-tablet elementor-hidden-mobile_extra elementor-hidden-mobile elementor-widget elementor-widget-text-editor\" data-id=\"4db3ac8\" data-element_type=\"widget\" data-widget_type=\"text-editor.default\">\n\t\t\t\t<div class=\"elementor-widget-container\">\n\t\t\t\t\t\t\t\t\t<p>M\u00e1s all\u00e1 de nuestro galardonado servicio de atenci\u00f3n al cliente y nuestro excepcional apoyo al paciente, hay una raz\u00f3n a\u00fan m\u00e1s emocionante para obtener tu certificaci\u00f3n de marihuana medicinal con el Dr. Reeferalz: <strong>\u00a1MARIHUANA GRATIS!<\/strong><\/p>\n<p>Nuestro exclusivo programa de vales te ofrece 150 $ en CR\u00c9DITO EN TIENDA en Trulieve, junto con incre\u00edbles descuentos, ofertas, BOGOs y mucho m\u00e1s en algunos de los mejores dispensarios y marcas de Arizona. Con Dr. Reeferalz, no s\u00f3lo inviertes en tu certificaci\u00f3n, sino que tambi\u00e9n recuperas ese dinero en incre\u00edbles regalos a trav\u00e9s de nuestro \u00e9pico programa de vales.<\/p>\n<p>\u00a1Certif\u00edcate y disfruta de las ventajas con el Dr. Reeferalz!<\/p>\n\t\t\t\t\t\t\t\t<\/div>\n\t\t\t\t<\/div>\n\t\t\t\t<div class=\"elementor-element elementor-element-d1090ac elementor-widget__width-initial elementor-widget-tablet__width-inherit elementor-widget elementor-widget-text-editor\" data-id=\"d1090ac\" data-element_type=\"widget\" data-widget_type=\"text-editor.default\">\n\t\t\t\t<div class=\"elementor-widget-container\">\n\t\t\t\t\t\t\t\t\tAdem\u00e1s de nuestro galardonado servicio al cliente y nuestro excepcional apoyo a los pacientes, hay una raz\u00f3n emocionante para elegir a Dr. Reeferalz para su certificaci\u00f3n de marihuana medicinal: \u00a1HIERBA GRATIS! Nuestro exclusivo programa de cupones le otorga $150 en cr\u00e9dito para la tienda en Trulieve, adem\u00e1s de acceso a incre\u00edbles descuentos y ofertas en algunos de los principales dispensarios y marcas de Arizona. Con Dr. Reeferalz, su certificaci\u00f3n se ve recompensada con incre\u00edbles obsequios a trav\u00e9s de nuestro fant\u00e1stico programa de cupones. \u00a1Obtenga la certificaci\u00f3n hoy y disfrute de los beneficios con Dr. Reeferalz!\t\t\t\t\t\t\t\t<\/div>\n\t\t\t\t<\/div>\n\t\t\t\t<div class=\"elementor-element elementor-element-2f2e124 elementor-align-left elementor-mobile-align-center elementor-widget elementor-widget-button\" data-id=\"2f2e124\" data-element_type=\"widget\" data-widget_type=\"button.default\">\n\t\t\t\t<div class=\"elementor-widget-container\">\n\t\t\t\t\t\t\t\t\t<div class=\"elementor-button-wrapper\">\n\t\t\t\t\t<a class=\"elementor-button elementor-button-link elementor-size-sm\" href=\"https:\/\/www.drreeferalz.com\/es\/empieza\/\">\n\t\t\t\t\t\t<span class=\"elementor-button-content-wrapper\">\n\t\t\t\t\t\t<span class=\"elementor-button-icon\">\n\t\t\t\t<svg xmlns=\"http:\/\/www.w3.org\/2000\/svg\" id=\"Layer_2\" data-name=\"Layer 2\" viewBox=\"0 0 17.25 10.78\"><defs><style>      .cls-1 {        stroke-width: 0px;      }    <\/style><\/defs><g id=\"Layer_1-2\" data-name=\"Layer 1\"><path class=\"cls-1\" d=\"m17,4.77h0S12.46.25,12.46.25c-.34-.34-.89-.34-1.23,0-.34.34-.34.89,0,1.23l3.05,3.03H.87c-.48,0-.87.39-.87.87s.39.87.87.87h13.41l-3.05,3.03c-.34.34-.34.89,0,1.23.34.34.89.34,1.23,0l4.54-4.52h0c.34-.34.34-.89,0-1.23h0Z\"><\/path><\/g><\/svg>\t\t\t<\/span>\n\t\t\t\t\t\t\t\t\t<span class=\"elementor-button-text\">\u00a1Ponte en marcha!<\/span>\n\t\t\t\t\t<\/span>\n\t\t\t\t\t<\/a>\n\t\t\t\t<\/div>\n\t\t\t\t\t\t\t\t<\/div>\n\t\t\t\t<\/div>\n\t\t\t\t<\/div>\n\t\t\t\t<\/div>\n\t\t\t\t<\/div>\n\t\t\t\t<div class=\"elementor-element elementor-element-5a7e8cb elementor-absolute elementor-widget elementor-widget-image\" data-id=\"5a7e8cb\" data-element_type=\"widget\" data-settings=\"{&quot;_position&quot;:&quot;absolute&quot;}\" data-widget_type=\"image.default\">\n\t\t\t\t<div class=\"elementor-widget-container\">\n\t\t\t\t\t\t\t\t\t\t\t\t\t\t\t<img decoding=\"async\" width=\"143\" height=\"177\" src=\"https:\/\/www.drreeferalz.com\/wp-content\/uploads\/2024\/07\/leaf-left.png\" class=\"attachment-full size-full wp-image-133\" alt=\"leaf-left\" \/>\t\t\t\t\t\t\t\t\t\t\t\t\t\t\t<\/div>\n\t\t\t\t<\/div>\n\t\t\t\t<div class=\"elementor-element elementor-element-7f17fed elementor-absolute elementor-widget elementor-widget-image\" data-id=\"7f17fed\" data-element_type=\"widget\" data-settings=\"{&quot;_position&quot;:&quot;absolute&quot;}\" data-widget_type=\"image.default\">\n\t\t\t\t<div class=\"elementor-widget-container\">\n\t\t\t\t\t\t\t\t\t\t\t\t\t\t\t<img decoding=\"async\" width=\"158\" height=\"150\" src=\"https:\/\/www.drreeferalz.com\/wp-content\/uploads\/2024\/07\/leaf-right.png\" class=\"attachment-full size-full wp-image-132\" alt=\"\" \/>\t\t\t\t\t\t\t\t\t\t\t\t\t\t\t<\/div>\n\t\t\t\t<\/div>\n\t\t\t\t\t<\/div>\n\t\t\t\t<\/div>\n\t\t<div class=\"elementor-element elementor-element-34d5048 e-flex e-con-boxed e-con e-parent\" data-id=\"34d5048\" data-element_type=\"container\">\n\t\t\t\t\t<div class=\"e-con-inner\">\n\t\t<div class=\"elementor-element elementor-element-f1623a9 e-con-full e-flex e-con e-child\" data-id=\"f1623a9\" data-element_type=\"container\">\n\t\t\t\t<div class=\"elementor-element elementor-element-85caf28 green-text elementor-widget__width-initial elementor-widget-tablet__width-inherit elementor-widget elementor-widget-heading\" data-id=\"85caf28\" data-element_type=\"widget\" data-widget_type=\"heading.default\">\n\t\t\t\t<div class=\"elementor-widget-container\">\n\t\t\t\t\t<h2 class=\"elementor-heading-title elementor-size-default\">Marcas<\/h2>\t\t\t\t<\/div>\n\t\t\t\t<\/div>\n\t\t<div class=\"elementor-element elementor-element-89c515f e-con-full e-flex e-con e-child\" data-id=\"89c515f\" data-element_type=\"container\">\n\t\t\t\t<div class=\"elementor-element elementor-element-fa895de elementor-widget elementor-widget-image\" data-id=\"fa895de\" data-element_type=\"widget\" data-widget_type=\"image.default\">\n\t\t\t\t<div class=\"elementor-widget-container\">\n\t\t\t\t\t\t\t\t\t\t\t\t\t\t\t<img loading=\"lazy\" decoding=\"async\" width=\"800\" height=\"503\" src=\"https:\/\/www.drreeferalz.com\/wp-content\/uploads\/2024\/07\/5b4e6b9d-b9b8-48b4-975c-2be2e52954cd.png\" class=\"attachment-full size-full wp-image-225\" alt=\"\" srcset=\"https:\/\/www.drreeferalz.com\/wp-content\/uploads\/2024\/07\/5b4e6b9d-b9b8-48b4-975c-2be2e52954cd.png 800w, https:\/\/www.drreeferalz.com\/wp-content\/uploads\/2024\/07\/5b4e6b9d-b9b8-48b4-975c-2be2e52954cd-300x189.png 300w, https:\/\/www.drreeferalz.com\/wp-content\/uploads\/2024\/07\/5b4e6b9d-b9b8-48b4-975c-2be2e52954cd-768x483.png 768w\" sizes=\"(max-width: 800px) 100vw, 800px\" \/>\t\t\t\t\t\t\t\t\t\t\t\t\t\t\t<\/div>\n\t\t\t\t<\/div>\n\t\t\t\t<div class=\"elementor-element elementor-element-128aa2c elementor-widget elementor-widget-image\" data-id=\"128aa2c\" data-element_type=\"widget\" data-widget_type=\"image.default\">\n\t\t\t\t<div class=\"elementor-widget-container\">\n\t\t\t\t\t\t\t\t\t\t\t\t\t\t\t<img loading=\"lazy\" decoding=\"async\" width=\"95\" height=\"100\" src=\"https:\/\/www.drreeferalz.com\/wp-content\/uploads\/2024\/07\/Layer-19.png\" class=\"attachment-full size-full wp-image-230\" alt=\"\" \/>\t\t\t\t\t\t\t\t\t\t\t\t\t\t\t<\/div>\n\t\t\t\t<\/div>\n\t\t\t\t<div class=\"elementor-element elementor-element-e3a66c4 elementor-widget elementor-widget-image\" data-id=\"e3a66c4\" data-element_type=\"widget\" data-widget_type=\"image.default\">\n\t\t\t\t<div class=\"elementor-widget-container\">\n\t\t\t\t\t\t\t\t\t\t\t\t\t\t\t<img loading=\"lazy\" decoding=\"async\" width=\"150\" height=\"66\" src=\"https:\/\/www.drreeferalz.com\/wp-content\/uploads\/2024\/07\/Layer-21.png\" class=\"attachment-full size-full wp-image-228\" alt=\"\" \/>\t\t\t\t\t\t\t\t\t\t\t\t\t\t\t<\/div>\n\t\t\t\t<\/div>\n\t\t\t\t<div class=\"elementor-element elementor-element-64fb90a elementor-widget elementor-widget-image\" data-id=\"64fb90a\" data-element_type=\"widget\" data-widget_type=\"image.default\">\n\t\t\t\t<div class=\"elementor-widget-container\">\n\t\t\t\t\t\t\t\t\t\t\t\t\t\t\t<img loading=\"lazy\" decoding=\"async\" width=\"81\" height=\"100\" src=\"https:\/\/www.drreeferalz.com\/wp-content\/uploads\/2024\/07\/Layer-22.png\" class=\"attachment-full size-full wp-image-227\" alt=\"\" \/>\t\t\t\t\t\t\t\t\t\t\t\t\t\t\t<\/div>\n\t\t\t\t<\/div>\n\t\t\t\t<div class=\"elementor-element elementor-element-398c117 elementor-widget elementor-widget-image\" data-id=\"398c117\" data-element_type=\"widget\" data-widget_type=\"image.default\">\n\t\t\t\t<div class=\"elementor-widget-container\">\n\t\t\t\t\t\t\t\t\t\t\t\t\t\t\t<img loading=\"lazy\" decoding=\"async\" width=\"166\" height=\"177\" src=\"https:\/\/www.drreeferalz.com\/wp-content\/uploads\/2024\/07\/Layer-1.png\" class=\"attachment-full size-full wp-image-231\" alt=\"\" \/>\t\t\t\t\t\t\t\t\t\t\t\t\t\t\t<\/div>\n\t\t\t\t<\/div>\n\t\t\t\t<\/div>\n\t\t\t\t<\/div>\n\t\t<div class=\"elementor-element elementor-element-84b4c5b e-con-full e-flex e-con e-child\" data-id=\"84b4c5b\" data-element_type=\"container\" data-settings=\"{&quot;background_background&quot;:&quot;classic&quot;}\">\n\t\t\t\t<div class=\"elementor-element elementor-element-cdd10ae elementor-widget elementor-widget-image\" data-id=\"cdd10ae\" data-element_type=\"widget\" data-widget_type=\"image.default\">\n\t\t\t\t<div class=\"elementor-widget-container\">\n\t\t\t\t\t\t\t\t\t\t\t\t\t\t\t<img loading=\"lazy\" decoding=\"async\" width=\"511\" height=\"261\" src=\"https:\/\/www.drreeferalz.com\/wp-content\/uploads\/2024\/07\/vouchr-1.png\" class=\"attachment-full size-full wp-image-676\" alt=\"\" srcset=\"https:\/\/www.drreeferalz.com\/wp-content\/uploads\/2024\/07\/vouchr-1.png 511w, https:\/\/www.drreeferalz.com\/wp-content\/uploads\/2024\/07\/vouchr-1-300x153.png 300w\" sizes=\"(max-width: 511px) 100vw, 511px\" \/>\t\t\t\t\t\t\t\t\t\t\t\t\t\t\t<\/div>\n\t\t\t\t<\/div>\n\t\t\t\t<\/div>\n\t\t\t\t\t<\/div>\n\t\t\t\t<\/div>\n\t\t\t\t<\/div>\n\t\t","protected":false},"excerpt":{"rendered":"<p>Por qu\u00e9 nosotros \u00bfPor qu\u00e9 elegir para tu certificaci\u00f3n MMJ? M\u00e1s all\u00e1 de nuestro galardonado servicio de atenci\u00f3n al cliente y nuestro excepcional apoyo al paciente, hay una raz\u00f3n a\u00fan m\u00e1s emocionante para obtener tu certificaci\u00f3n de marihuana medicinal con el Dr. Reeferalz: \u00a1MARIHUANA GRATIS! Nuestro exclusivo programa de vales te ofrece 150 $ en [&hellip;]<\/p>\n","protected":false},"author":1,"featured_media":0,"parent":0,"menu_order":0,"comment_status":"closed","ping_status":"closed","template":"","meta":{"footnotes":""},"class_list":["post-2247","page","type-page","status-publish","hentry"],"yoast_head":"<!-- This site is optimized with the Yoast SEO plugin v26.3 - https:\/\/yoast.com\/wordpress\/plugins\/seo\/ -->\n<title>\u00bfPor qu\u00e9 elegir DrReeferAlz para la certificaci\u00f3n de marihuana medicinal?<\/title>\n<meta name=\"description\" content=\"Descubre por qu\u00e9 DrReeferAlz es la mejor opci\u00f3n para la certificaci\u00f3n de evaluaci\u00f3n de marihuana medicinal. Descubre hoy mismo nuestra experiencia, atenci\u00f3n personalizada y proceso simplificado.\" \/>\n<meta name=\"robots\" content=\"index, follow, max-snippet:-1, max-image-preview:large, max-video-preview:-1\" \/>\n<link rel=\"canonical\" href=\"https:\/\/www.drreeferalz.com\/es\/por-que-nosotros\/\" \/>\n<meta property=\"og:locale\" content=\"es_ES\" \/>\n<meta property=\"og:type\" content=\"article\" \/>\n<meta property=\"og:title\" content=\"\u00bfPor qu\u00e9 elegir DrReeferAlz para la certificaci\u00f3n de marihuana medicinal?\" \/>\n<meta property=\"og:description\" content=\"Descubre por qu\u00e9 DrReeferAlz es la mejor opci\u00f3n para la certificaci\u00f3n de evaluaci\u00f3n de marihuana medicinal. Descubre hoy mismo nuestra experiencia, atenci\u00f3n personalizada y proceso simplificado.\" \/>\n<meta property=\"og:url\" content=\"https:\/\/www.drreeferalz.com\/es\/por-que-nosotros\/\" \/>\n<meta property=\"og:site_name\" content=\"Dr. Reeferalz Medical Marijuana Certifications\" \/>\n<meta property=\"article:publisher\" content=\"https:\/\/www.facebook.com\/drreeferalztucson\/\" \/>\n<meta property=\"article:modified_time\" content=\"2025-01-27T05:56:53+00:00\" \/>\n<meta property=\"og:image\" content=\"https:\/\/www.drreeferalz.com\/wp-content\/uploads\/2024\/07\/Why-Dr-Reeferalz-298x300.jpg\" \/>\n<meta name=\"twitter:card\" content=\"summary_large_image\" \/>\n<meta name=\"twitter:title\" content=\"\u00bfPor qu\u00e9 elegir DrReeferAlz para la certificaci\u00f3n de marihuana medicinal?\" \/>\n<meta name=\"twitter:description\" content=\"Descubre por qu\u00e9 DrReeferAlz es la mejor opci\u00f3n para la certificaci\u00f3n de evaluaci\u00f3n de marihuana medicinal. Descubre hoy mismo nuestra experiencia, atenci\u00f3n personalizada y proceso simplificado.\" \/>\n<meta name=\"twitter:image\" content=\"https:\/\/www.drreeferalz.com\/wp-content\/uploads\/2024\/07\/Why-Dr-Reeferalz.jpg\" \/>\n<meta name=\"twitter:label1\" content=\"Tiempo de lectura\" \/>\n\t<meta name=\"twitter:data1\" content=\"3 minutos\" \/>\n<script type=\"application\/ld+json\" class=\"yoast-schema-graph\">{\"@context\":\"https:\/\/schema.org\",\"@graph\":[{\"@type\":\"WebPage\",\"@id\":\"https:\/\/www.drreeferalz.com\/es\/por-que-nosotros\/\",\"url\":\"https:\/\/www.drreeferalz.com\/es\/por-que-nosotros\/\",\"name\":\"\u00bfPor qu\u00e9 elegir DrReeferAlz para la certificaci\u00f3n de marihuana medicinal?\",\"isPartOf\":{\"@id\":\"https:\/\/www.drreeferalz.com\/es\/#website\"},\"primaryImageOfPage\":{\"@id\":\"https:\/\/www.drreeferalz.com\/es\/por-que-nosotros\/#primaryimage\"},\"image\":{\"@id\":\"https:\/\/www.drreeferalz.com\/es\/por-que-nosotros\/#primaryimage\"},\"thumbnailUrl\":\"https:\/\/www.drreeferalz.com\/wp-content\/uploads\/2024\/11\/why-us-page-img.png\",\"datePublished\":\"2024-07-25T11:54:17+00:00\",\"dateModified\":\"2025-01-27T05:56:53+00:00\",\"description\":\"Descubre por qu\u00e9 DrReeferAlz es la mejor opci\u00f3n para la certificaci\u00f3n de evaluaci\u00f3n de marihuana medicinal. Descubre hoy mismo nuestra experiencia, atenci\u00f3n personalizada y proceso simplificado.\",\"breadcrumb\":{\"@id\":\"https:\/\/www.drreeferalz.com\/es\/por-que-nosotros\/#breadcrumb\"},\"inLanguage\":\"es\",\"potentialAction\":[{\"@type\":\"ReadAction\",\"target\":[\"https:\/\/www.drreeferalz.com\/es\/por-que-nosotros\/\"]}]},{\"@type\":\"ImageObject\",\"inLanguage\":\"es\",\"@id\":\"https:\/\/www.drreeferalz.com\/es\/por-que-nosotros\/#primaryimage\",\"url\":\"https:\/\/www.drreeferalz.com\/wp-content\/uploads\/2024\/11\/why-us-page-img.png\",\"contentUrl\":\"https:\/\/www.drreeferalz.com\/wp-content\/uploads\/2024\/11\/why-us-page-img.png\"},{\"@type\":\"BreadcrumbList\",\"@id\":\"https:\/\/www.drreeferalz.com\/es\/por-que-nosotros\/#breadcrumb\",\"itemListElement\":[{\"@type\":\"ListItem\",\"position\":1,\"name\":\"Home\",\"item\":\"https:\/\/www.drreeferalz.com\/es\/\"},{\"@type\":\"ListItem\",\"position\":2,\"name\":\"Por qu\u00e9 nosotros\"}]},{\"@type\":\"WebSite\",\"@id\":\"https:\/\/www.drreeferalz.com\/es\/#website\",\"url\":\"https:\/\/www.drreeferalz.com\/es\/\",\"name\":\"Dr. Reeferalz Medical Marijuana Certifications\",\"description\":\"\",\"potentialAction\":[{\"@type\":\"SearchAction\",\"target\":{\"@type\":\"EntryPoint\",\"urlTemplate\":\"https:\/\/www.drreeferalz.com\/es\/?s={search_term_string}\"},\"query-input\":{\"@type\":\"PropertyValueSpecification\",\"valueRequired\":true,\"valueName\":\"search_term_string\"}}],\"inLanguage\":\"es\"}]}<\/script>\n<!-- \/ Yoast SEO plugin. -->","yoast_head_json":{"title":"\u00bfPor qu\u00e9 elegir DrReeferAlz para la certificaci\u00f3n de marihuana medicinal?","description":"Descubre por qu\u00e9 DrReeferAlz es la mejor opci\u00f3n para la certificaci\u00f3n de evaluaci\u00f3n de marihuana medicinal. Descubre hoy mismo nuestra experiencia, atenci\u00f3n personalizada y proceso simplificado.","robots":{"index":"index","follow":"follow","max-snippet":"max-snippet:-1","max-image-preview":"max-image-preview:large","max-video-preview":"max-video-preview:-1"},"canonical":"https:\/\/www.drreeferalz.com\/es\/por-que-nosotros\/","og_locale":"es_ES","og_type":"article","og_title":"\u00bfPor qu\u00e9 elegir DrReeferAlz para la certificaci\u00f3n de marihuana medicinal?","og_description":"Descubre por qu\u00e9 DrReeferAlz es la mejor opci\u00f3n para la certificaci\u00f3n de evaluaci\u00f3n de marihuana medicinal. Descubre hoy mismo nuestra experiencia, atenci\u00f3n personalizada y proceso simplificado.","og_url":"https:\/\/www.drreeferalz.com\/es\/por-que-nosotros\/","og_site_name":"Dr. Reeferalz Medical Marijuana Certifications","article_publisher":"https:\/\/www.facebook.com\/drreeferalztucson\/","article_modified_time":"2025-01-27T05:56:53+00:00","og_image":[{"url":"https:\/\/www.drreeferalz.com\/wp-content\/uploads\/2024\/07\/Why-Dr-Reeferalz-298x300.jpg","type":"","width":"","height":""}],"twitter_card":"summary_large_image","twitter_title":"\u00bfPor qu\u00e9 elegir DrReeferAlz para la certificaci\u00f3n de marihuana medicinal?","twitter_description":"Descubre por qu\u00e9 DrReeferAlz es la mejor opci\u00f3n para la certificaci\u00f3n de evaluaci\u00f3n de marihuana medicinal. Descubre hoy mismo nuestra experiencia, atenci\u00f3n personalizada y proceso simplificado.","twitter_image":"https:\/\/www.drreeferalz.com\/wp-content\/uploads\/2024\/07\/Why-Dr-Reeferalz.jpg","twitter_misc":{"Tiempo de lectura":"3 minutos"},"schema":{"@context":"https:\/\/schema.org","@graph":[{"@type":"WebPage","@id":"https:\/\/www.drreeferalz.com\/es\/por-que-nosotros\/","url":"https:\/\/www.drreeferalz.com\/es\/por-que-nosotros\/","name":"\u00bfPor qu\u00e9 elegir DrReeferAlz para la certificaci\u00f3n de marihuana medicinal?","isPartOf":{"@id":"https:\/\/www.drreeferalz.com\/es\/#website"},"primaryImageOfPage":{"@id":"https:\/\/www.drreeferalz.com\/es\/por-que-nosotros\/#primaryimage"},"image":{"@id":"https:\/\/www.drreeferalz.com\/es\/por-que-nosotros\/#primaryimage"},"thumbnailUrl":"https:\/\/www.drreeferalz.com\/wp-content\/uploads\/2024\/11\/why-us-page-img.png","datePublished":"2024-07-25T11:54:17+00:00","dateModified":"2025-01-27T05:56:53+00:00","description":"Descubre por qu\u00e9 DrReeferAlz es la mejor opci\u00f3n para la certificaci\u00f3n de evaluaci\u00f3n de marihuana medicinal. Descubre hoy mismo nuestra experiencia, atenci\u00f3n personalizada y proceso simplificado.","breadcrumb":{"@id":"https:\/\/www.drreeferalz.com\/es\/por-que-nosotros\/#breadcrumb"},"inLanguage":"es","potentialAction":[{"@type":"ReadAction","target":["https:\/\/www.drreeferalz.com\/es\/por-que-nosotros\/"]}]},{"@type":"ImageObject","inLanguage":"es","@id":"https:\/\/www.drreeferalz.com\/es\/por-que-nosotros\/#primaryimage","url":"https:\/\/www.drreeferalz.com\/wp-content\/uploads\/2024\/11\/why-us-page-img.png","contentUrl":"https:\/\/www.drreeferalz.com\/wp-content\/uploads\/2024\/11\/why-us-page-img.png"},{"@type":"BreadcrumbList","@id":"https:\/\/www.drreeferalz.com\/es\/por-que-nosotros\/#breadcrumb","itemListElement":[{"@type":"ListItem","position":1,"name":"Home","item":"https:\/\/www.drreeferalz.com\/es\/"},{"@type":"ListItem","position":2,"name":"Por qu\u00e9 nosotros"}]},{"@type":"WebSite","@id":"https:\/\/www.drreeferalz.com\/es\/#website","url":"https:\/\/www.drreeferalz.com\/es\/","name":"Dr. Reeferalz Medical Marijuana Certifications","description":"","potentialAction":[{"@type":"SearchAction","target":{"@type":"EntryPoint","urlTemplate":"https:\/\/www.drreeferalz.com\/es\/?s={search_term_string}"},"query-input":{"@type":"PropertyValueSpecification","valueRequired":true,"valueName":"search_term_string"}}],"inLanguage":"es"}]}},"_links":{"self":[{"href":"https:\/\/www.drreeferalz.com\/es\/wp-json\/wp\/v2\/pages\/2247","targetHints":{"allow":["GET"]}}],"collection":[{"href":"https:\/\/www.drreeferalz.com\/es\/wp-json\/wp\/v2\/pages"}],"about":[{"href":"https:\/\/www.drreeferalz.com\/es\/wp-json\/wp\/v2\/types\/page"}],"author":[{"embeddable":true,"href":"https:\/\/www.drreeferalz.com\/es\/wp-json\/wp\/v2\/users\/1"}],"replies":[{"embeddable":true,"href":"https:\/\/www.drreeferalz.com\/es\/wp-json\/wp\/v2\/comments?post=2247"}],"version-history":[{"count":0,"href":"https:\/\/www.drreeferalz.com\/es\/wp-json\/wp\/v2\/pages\/2247\/revisions"}],"wp:attachment":[{"href":"https:\/\/www.drreeferalz.com\/es\/wp-json\/wp\/v2\/media?parent=2247"}],"curies":[{"name":"wp","href":"https:\/\/api.w.org\/{rel}","templated":true}]}}