{"id":2252,"date":"2024-07-23T06:51:52","date_gmt":"2024-07-23T13:51:52","guid":{"rendered":"https:\/\/www.drreeferalz.com\/oficina-de-tucson\/"},"modified":"2025-01-26T22:55:18","modified_gmt":"2025-01-27T05:55:18","slug":"oficina-de-tucson","status":"publish","type":"page","link":"https:\/\/www.drreeferalz.com\/es\/oficina-de-tucson\/","title":{"rendered":"Oficina de Tucson"},"content":{"rendered":"\t\t<div data-elementor-type=\"wp-page\" data-elementor-id=\"2252\" class=\"elementor elementor-2252 elementor-912\">\n\t\t\t\t<div class=\"elementor-element elementor-element-6bd7a38 inner-banner e-flex e-con-boxed e-con e-parent\" data-id=\"6bd7a38\" data-element_type=\"container\" data-settings=\"{&quot;background_background&quot;:&quot;classic&quot;}\">\n\t\t\t\t\t<div class=\"e-con-inner\">\n\t\t\t\t<div class=\"elementor-element elementor-element-fa370cc elementor-widget elementor-widget-heading\" data-id=\"fa370cc\" data-element_type=\"widget\" data-widget_type=\"heading.default\">\n\t\t\t\t<div class=\"elementor-widget-container\">\n\t\t\t\t\t<h1 class=\"elementor-heading-title elementor-size-default\">Oficina de Tucson<\/h1>\t\t\t\t<\/div>\n\t\t\t\t<\/div>\n\t\t\t\t\t<\/div>\n\t\t\t\t<\/div>\n\t\t<div class=\"elementor-element elementor-element-41fc9e7 e-flex e-con-boxed e-con e-parent\" data-id=\"41fc9e7\" data-element_type=\"container\" data-settings=\"{&quot;background_background&quot;:&quot;classic&quot;}\">\n\t\t\t\t\t<div class=\"e-con-inner\">\n\t\t<div class=\"elementor-element elementor-element-d1c9f32 e-con-full e-flex e-con e-child\" data-id=\"d1c9f32\" data-element_type=\"container\">\n\t\t<div class=\"elementor-element elementor-element-5ee9759 e-flex e-con-boxed e-con e-child\" data-id=\"5ee9759\" data-element_type=\"container\">\n\t\t\t\t\t<div class=\"e-con-inner\">\n\t\t<div class=\"elementor-element elementor-element-b7c2187 e-con-full e-flex e-con e-child\" data-id=\"b7c2187\" data-element_type=\"container\">\n\t\t\t\t<div class=\"elementor-element elementor-element-397db57 custom-map elementor-widget elementor-widget-google_maps\" data-id=\"397db57\" data-element_type=\"widget\" data-widget_type=\"google_maps.default\">\n\t\t\t\t<div class=\"elementor-widget-container\">\n\t\t\t\t\t\t\t<div class=\"elementor-custom-embed\">\n\t\t\t<iframe loading=\"lazy\"\n\t\t\t\t\tsrc=\"https:\/\/maps.google.com\/maps?q=4120%20E.%20Speedway%20Blvd.%20Tucson%2C%20Arizona%2085712&#038;t=m&#038;z=18&#038;output=embed&#038;iwloc=near\"\n\t\t\t\t\ttitle=\"4120 E. Speedway Blvd. Tucson, Arizona 85712\"\n\t\t\t\t\taria-label=\"4120 E. Speedway Blvd. Tucson, Arizona 85712\"\n\t\t\t><\/iframe>\n\t\t<\/div>\n\t\t\t\t\t\t<\/div>\n\t\t\t\t<\/div>\n\t\t\t\t<\/div>\n\t\t<div class=\"elementor-element elementor-element-84346f4 e-con-full e-flex e-con e-child\" data-id=\"84346f4\" data-element_type=\"container\">\n\t\t\t\t<div class=\"elementor-element elementor-element-d869bd9 green-text elementor-widget__width-initial elementor-widget-tablet__width-inherit elementor-widget elementor-widget-heading\" data-id=\"d869bd9\" data-element_type=\"widget\" data-widget_type=\"heading.default\">\n\t\t\t\t<div class=\"elementor-widget-container\">\n\t\t\t\t\t<h2 class=\"elementor-heading-title elementor-size-default\">Tucson<\/h2>\t\t\t\t<\/div>\n\t\t\t\t<\/div>\n\t\t\t\t<div class=\"elementor-element elementor-element-4db3ac8 elementor-widget__width-initial elementor-widget-tablet__width-inherit elementor-widget elementor-widget-text-editor\" data-id=\"4db3ac8\" data-element_type=\"widget\" data-widget_type=\"text-editor.default\">\n\t\t\t\t<div class=\"elementor-widget-container\">\n\t\t\t\t\t\t\t\t\t<p><strong>El mejor dispensario de evaluaci\u00f3n de marihuana medicinal de Tucson, Arizona, que te ofrece un proceso de certificaci\u00f3n asequible y sin estr\u00e9s.<br \/>\nNuestro equipo de m\u00e9dicos profesionales y excelentes representantes de atenci\u00f3n al cliente te ayudar\u00e1n a sentirte completamente c\u00f3modo con tu proceso de certificaci\u00f3n de marihuana medicinal en Arizona. <\/strong><\/p>\n<p>El Dr. Reeferalz est\u00e1 convenientemente situado en Tucson, Arizona, cerca de Speedway Blvd y Alvernon, cerca de la autopista AZ-I10.<br \/>\nSomos el centro de certificaci\u00f3n de marihuana medicinal m\u00e1s cercano al centro de Tucson, al Estadio de Arizona &#8211; sede de los Wildcats y de la Universidad de Arizona, al Centro de Convenciones de Tucson, a la Base Davis-Monthan de la Fuerza A\u00e9rea y al Museo Pima del Aire y del Espacio. <\/p>\n<p>\u00a1P\u00e1sate por Dr. Reeferalz Tucson y experimenta lo mejor en certificaciones de marihuana medicinal o reserva tu cita online a continuaci\u00f3n!<\/p>\n\t\t\t\t\t\t\t\t<\/div>\n\t\t\t\t<\/div>\n\t\t\t\t<div class=\"elementor-element elementor-element-0e3fae9 elementor-widget-divider--view-line elementor-widget elementor-widget-divider\" data-id=\"0e3fae9\" data-element_type=\"widget\" data-widget_type=\"divider.default\">\n\t\t\t\t<div class=\"elementor-widget-container\">\n\t\t\t\t\t\t\t<div class=\"elementor-divider\">\n\t\t\t<span class=\"elementor-divider-separator\">\n\t\t\t\t\t\t<\/span>\n\t\t<\/div>\n\t\t\t\t\t\t<\/div>\n\t\t\t\t<\/div>\n\t\t\t\t<div class=\"elementor-element elementor-element-36709bf link-inh elementor-list-item-link-full_width elementor-widget elementor-widget-icon-list\" data-id=\"36709bf\" data-element_type=\"widget\" data-widget_type=\"icon-list.default\">\n\t\t\t\t<div class=\"elementor-widget-container\">\n\t\t\t\t\t\t\t<ul class=\"elementor-icon-list-items\">\n\t\t\t\t\t\t\t<li class=\"elementor-icon-list-item\">\n\t\t\t\t\t\t\t\t\t\t\t<span class=\"elementor-icon-list-icon\">\n\t\t\t\t\t\t\t<svg xmlns=\"http:\/\/www.w3.org\/2000\/svg\" xmlns:xlink=\"http:\/\/www.w3.org\/1999\/xlink\" width=\"512\" height=\"512\" x=\"0\" y=\"0\" viewBox=\"0 0 512 512\" style=\"enable-background:new 0 0 512 512\" xml:space=\"preserve\" class=\"\"><g><path d=\"M256 0C161.896 0 85.333 76.563 85.333 170.667c0 28.25 7.063 56.26 20.49 81.104L246.667 506.5c1.875 3.396 5.448 5.5 9.333 5.5s7.458-2.104 9.333-5.5l140.896-254.813c13.375-24.76 20.438-52.771 20.438-81.021C426.667 76.563 350.104 0 256 0zm0 256c-47.052 0-85.333-38.281-85.333-85.333S208.948 85.334 256 85.334s85.333 38.281 85.333 85.333S303.052 256 256 256z\" fill=\"%23000000\" opacity=\"1\" data-original=\"%23000000\" class=\"\"><\/path><\/g><\/svg>\t\t\t\t\t\t<\/span>\n\t\t\t\t\t\t\t\t\t\t<span class=\"elementor-icon-list-text\">4120 E. Speedway Blvd.\nTucson, Arizona 85712 <\/span>\n\t\t\t\t\t\t\t\t\t<\/li>\n\t\t\t\t\t\t\t\t<li class=\"elementor-icon-list-item\">\n\t\t\t\t\t\t\t\t\t\t\t<a href=\"tel:520-623-0420\">\n\n\t\t\t\t\t\t\t\t\t\t\t\t<span class=\"elementor-icon-list-icon\">\n\t\t\t\t\t\t\t<svg xmlns=\"http:\/\/www.w3.org\/2000\/svg\" xmlns:xlink=\"http:\/\/www.w3.org\/1999\/xlink\" width=\"512\" height=\"512\" x=\"0\" y=\"0\" viewBox=\"0 0 480.56 480.56\" style=\"enable-background:new 0 0 512 512\" xml:space=\"preserve\" class=\"\"><g><path d=\"M365.354 317.9c-15.7-15.5-35.3-15.5-50.9 0-11.9 11.8-23.8 23.6-35.5 35.6-3.2 3.3-5.9 4-9.8 1.8-7.7-4.2-15.9-7.6-23.3-12.2-34.5-21.7-63.4-49.6-89-81-12.7-15.6-24-32.3-31.9-51.1-1.6-3.8-1.3-6.3 1.8-9.4 11.9-11.5 23.5-23.3 35.2-35.1 16.3-16.4 16.3-35.6-.1-52.1-9.3-9.4-18.6-18.6-27.9-28-9.6-9.6-19.1-19.3-28.8-28.8-15.7-15.3-35.3-15.3-50.9.1-12 11.8-23.5 23.9-35.7 35.5-11.3 10.7-17 23.8-18.2 39.1-1.9 24.9 4.2 48.4 12.8 71.3 17.6 47.4 44.4 89.5 76.9 128.1 43.9 52.2 96.3 93.5 157.6 123.3 27.6 13.4 56.2 23.7 87.3 25.4 21.4 1.2 40-4.2 54.9-20.9 10.2-11.4 21.7-21.8 32.5-32.7 16-16.2 16.1-35.8.2-51.8-19-19.1-38.1-38.1-57.2-57.1zM346.254 238.2l36.9-6.3c-5.8-33.9-21.8-64.6-46.1-89-25.7-25.7-58.2-41.9-94-46.9l-5.2 37.1c27.7 3.9 52.9 16.4 72.8 36.3 18.8 18.8 31.1 42.6 35.6 68.8zM403.954 77.8c-42.6-42.6-96.5-69.5-156-77.8l-5.2 37.1c51.4 7.2 98 30.5 134.8 67.2 34.9 34.9 57.8 79 66.1 127.5l36.9-6.3c-9.7-56.2-36.2-107.2-76.6-147.7z\" fill=\"%23000000\" opacity=\"1\" data-original=\"%23000000\" class=\"\"><\/path><\/g><\/svg>\t\t\t\t\t\t<\/span>\n\t\t\t\t\t\t\t\t\t\t<span class=\"elementor-icon-list-text\">520-623-0420<\/span>\n\t\t\t\t\t\t\t\t\t\t\t<\/a>\n\t\t\t\t\t\t\t\t\t<\/li>\n\t\t\t\t\t\t\t\t<li class=\"elementor-icon-list-item\">\n\t\t\t\t\t\t\t\t\t\t\t<a href=\"#\">\n\n\t\t\t\t\t\t\t\t\t\t\t\t<span class=\"elementor-icon-list-icon\">\n\t\t\t\t\t\t\t<svg xmlns=\"http:\/\/www.w3.org\/2000\/svg\" xmlns:xlink=\"http:\/\/www.w3.org\/1999\/xlink\" width=\"512\" height=\"512\" x=\"0\" y=\"0\" viewBox=\"0 0 100 100\" style=\"enable-background:new 0 0 512 512\" xml:space=\"preserve\" class=\"\"><g><path d=\"M10.423 83.691h79.139c4.371 0 7.923-3.551 7.923-7.923v-39.56L58.143 62.45a14.682 14.682 0 0 1-16.301 0L2.5 36.207v39.561c0 4.372 3.552 7.923 7.923 7.923z\" fill=\"#000000\" opacity=\"1\" data-original=\"#000000\" class=\"\"><\/path><path d=\"M89.562 16.309H10.423c-4.371 0-7.923 3.551-7.923 7.923v3.855l43.106 28.732a7.858 7.858 0 0 0 8.788 0L97.5 28.087v-3.84c-.015-4.372-3.567-7.938-7.938-7.938z\" fill=\"#000000\" opacity=\"1\" data-original=\"#000000\" class=\"\"><\/path><\/g><\/svg>\t\t\t\t\t\t<\/span>\n\t\t\t\t\t\t\t\t\t\t<span class=\"elementor-icon-list-text\">info@gmail.com<\/span>\n\t\t\t\t\t\t\t\t\t\t\t<\/a>\n\t\t\t\t\t\t\t\t\t<\/li>\n\t\t\t\t\t\t<\/ul>\n\t\t\t\t\t\t<\/div>\n\t\t\t\t<\/div>\n\t\t\t\t<\/div>\n\t\t\t\t\t<\/div>\n\t\t\t\t<\/div>\n\t\t\t\t<\/div>\n\t\t\t\t<div class=\"elementor-element elementor-element-5a7e8cb elementor-absolute elementor-widget elementor-widget-image\" data-id=\"5a7e8cb\" data-element_type=\"widget\" data-settings=\"{&quot;_position&quot;:&quot;absolute&quot;}\" data-widget_type=\"image.default\">\n\t\t\t\t<div class=\"elementor-widget-container\">\n\t\t\t\t\t\t\t\t\t\t\t\t\t\t\t<img decoding=\"async\" width=\"143\" height=\"177\" src=\"https:\/\/www.drreeferalz.com\/wp-content\/uploads\/2024\/07\/leaf-left.png\" class=\"attachment-full size-full wp-image-133\" alt=\"leaf-left\" \/>\t\t\t\t\t\t\t\t\t\t\t\t\t\t\t<\/div>\n\t\t\t\t<\/div>\n\t\t\t\t<div class=\"elementor-element elementor-element-7f17fed elementor-absolute elementor-widget elementor-widget-image\" data-id=\"7f17fed\" data-element_type=\"widget\" data-settings=\"{&quot;_position&quot;:&quot;absolute&quot;}\" data-widget_type=\"image.default\">\n\t\t\t\t<div class=\"elementor-widget-container\">\n\t\t\t\t\t\t\t\t\t\t\t\t\t\t\t<img decoding=\"async\" width=\"158\" height=\"150\" src=\"https:\/\/www.drreeferalz.com\/wp-content\/uploads\/2024\/07\/leaf-right.png\" class=\"attachment-full size-full wp-image-132\" alt=\"\" \/>\t\t\t\t\t\t\t\t\t\t\t\t\t\t\t<\/div>\n\t\t\t\t<\/div>\n\t\t\t\t\t<\/div>\n\t\t\t\t<\/div>\n\t\t<div class=\"elementor-element elementor-element-14b8025 e-flex e-con-boxed e-con e-parent\" data-id=\"14b8025\" data-element_type=\"container\">\n\t\t\t\t\t<div class=\"e-con-inner\">\n\t\t<div class=\"elementor-element elementor-element-514d337 e-con-full e-flex e-con e-child\" data-id=\"514d337\" data-element_type=\"container\">\n\t\t\t\t<div class=\"elementor-element elementor-element-d8076e7 green-text elementor-widget-tablet__width-inherit elementor-widget elementor-widget-heading\" data-id=\"d8076e7\" data-element_type=\"widget\" data-widget_type=\"heading.default\">\n\t\t\t\t<div class=\"elementor-widget-container\">\n\t\t\t\t\t<h2 class=\"elementor-heading-title elementor-size-default\">Reserva tu cita online<\/h2>\t\t\t\t<\/div>\n\t\t\t\t<\/div>\n\t\t\t\t<div class=\"elementor-element elementor-element-25f8e5a elementor-widget elementor-widget-html\" data-id=\"25f8e5a\" data-element_type=\"widget\" data-widget_type=\"html.default\">\n\t\t\t\t<div class=\"elementor-widget-container\">\n\t\t\t\t\t<script>(function (c) {window.intakeq=\"5cd0eb172604a9213856d2ee\";window.intakeqLocationId=3; var i = c.createElement(\"script\");i.type = \"text\/javascript\";i.async = true;i.src = \"https:\/\/intakeq.com\/js\/widget.min.js?1\";document.head.appendChild(i);})(document);<\/script>\n<div id=\"intakeq\" style=\"width: 100%;\"><\/div><\/div>\t\t\t\t<\/div>\n\t\t\t\t<\/div>\n\t\t\t\t<\/div>\n\t\t\t\t\t<\/div>\n\t\t\t\t<\/div>\n\t\t\t\t<\/div>\n\t\t","protected":false},"excerpt":{"rendered":"<p>Oficina de Tucson Tucson El mejor dispensario de evaluaci\u00f3n de marihuana medicinal de Tucson, Arizona, que te ofrece un proceso de certificaci\u00f3n asequible y sin estr\u00e9s. Nuestro equipo de m\u00e9dicos profesionales y excelentes representantes de atenci\u00f3n al cliente te ayudar\u00e1n a sentirte completamente c\u00f3modo con tu proceso de certificaci\u00f3n de marihuana medicinal en Arizona. El [&hellip;]<\/p>\n","protected":false},"author":1,"featured_media":0,"parent":0,"menu_order":0,"comment_status":"closed","ping_status":"closed","template":"","meta":{"footnotes":""},"class_list":["post-2252","page","type-page","status-publish","hentry"],"yoast_head":"<!-- This site is optimized with the Yoast SEO plugin v26.3 - https:\/\/yoast.com\/wordpress\/plugins\/seo\/ -->\n<title>Cl\u00ednica de Tarjeta de Evaluaci\u00f3n de Marihuana Medicinal en Tucson | DrReeferAlz<\/title>\n<meta name=\"description\" content=\"Obt\u00e9n tu Tarjeta de Evaluaci\u00f3n de Marihuana Medicinal en Tucson con DrReeferAlz. Evaluaciones expertas y aprobaci\u00f3n r\u00e1pida de nuestros Doctores en Evaluaci\u00f3n M\u00e9dica de Marihuana.\" \/>\n<meta name=\"robots\" content=\"index, follow, max-snippet:-1, max-image-preview:large, max-video-preview:-1\" \/>\n<link rel=\"canonical\" href=\"https:\/\/www.drreeferalz.com\/es\/oficina-de-tucson\/\" \/>\n<meta property=\"og:locale\" content=\"es_ES\" \/>\n<meta property=\"og:type\" content=\"article\" \/>\n<meta property=\"og:title\" content=\"Cl\u00ednica de Tarjeta de Evaluaci\u00f3n de Marihuana Medicinal en Tucson | DrReeferAlz\" \/>\n<meta property=\"og:description\" content=\"Obt\u00e9n tu Tarjeta de Evaluaci\u00f3n de Marihuana Medicinal en Tucson con DrReeferAlz. Evaluaciones expertas y aprobaci\u00f3n r\u00e1pida de nuestros Doctores en Evaluaci\u00f3n M\u00e9dica de Marihuana.\" \/>\n<meta property=\"og:url\" content=\"https:\/\/www.drreeferalz.com\/es\/oficina-de-tucson\/\" \/>\n<meta property=\"og:site_name\" content=\"Dr. Reeferalz Medical Marijuana Certifications\" \/>\n<meta property=\"article:publisher\" content=\"https:\/\/www.facebook.com\/drreeferalztucson\/\" \/>\n<meta property=\"article:modified_time\" content=\"2025-01-27T05:55:18+00:00\" \/>\n<meta property=\"og:image\" content=\"https:\/\/www.drreeferalz.com\/wp-content\/uploads\/2024\/07\/tucson-1024x559.jpeg\" \/>\n<meta name=\"twitter:card\" content=\"summary_large_image\" \/>\n<meta name=\"twitter:title\" content=\"Cl\u00ednica de Tarjeta de Evaluaci\u00f3n de Marihuana Medicinal en Tucson | DrReeferAlz\" \/>\n<meta name=\"twitter:description\" content=\"Obt\u00e9n tu Tarjeta de Evaluaci\u00f3n de Marihuana Medicinal en Tucson con DrReeferAlz. Evaluaciones expertas y aprobaci\u00f3n r\u00e1pida de nuestros Doctores en Evaluaci\u00f3n M\u00e9dica de Marihuana.\" \/>\n<meta name=\"twitter:image\" content=\"https:\/\/www.drreeferalz.com\/wp-content\/uploads\/2024\/07\/tucson-1024x559.jpeg\" \/>\n<meta name=\"twitter:label1\" content=\"Tiempo de lectura\" \/>\n\t<meta name=\"twitter:data1\" content=\"2 minutos\" \/>\n<script type=\"application\/ld+json\" class=\"yoast-schema-graph\">{\"@context\":\"https:\/\/schema.org\",\"@graph\":[{\"@type\":\"WebPage\",\"@id\":\"https:\/\/www.drreeferalz.com\/es\/oficina-de-tucson\/\",\"url\":\"https:\/\/www.drreeferalz.com\/es\/oficina-de-tucson\/\",\"name\":\"Cl\u00ednica de Tarjeta de Evaluaci\u00f3n de Marihuana Medicinal en Tucson | DrReeferAlz\",\"isPartOf\":{\"@id\":\"https:\/\/www.drreeferalz.com\/es\/#website\"},\"primaryImageOfPage\":{\"@id\":\"https:\/\/www.drreeferalz.com\/es\/oficina-de-tucson\/#primaryimage\"},\"image\":{\"@id\":\"https:\/\/www.drreeferalz.com\/es\/oficina-de-tucson\/#primaryimage\"},\"thumbnailUrl\":\"https:\/\/www.drreeferalz.com\/wp-content\/uploads\/2024\/07\/leaf-left.png\",\"datePublished\":\"2024-07-23T13:51:52+00:00\",\"dateModified\":\"2025-01-27T05:55:18+00:00\",\"description\":\"Obt\u00e9n tu Tarjeta de Evaluaci\u00f3n de Marihuana Medicinal en Tucson con DrReeferAlz. Evaluaciones expertas y aprobaci\u00f3n r\u00e1pida de nuestros Doctores en Evaluaci\u00f3n M\u00e9dica de Marihuana.\",\"breadcrumb\":{\"@id\":\"https:\/\/www.drreeferalz.com\/es\/oficina-de-tucson\/#breadcrumb\"},\"inLanguage\":\"es\",\"potentialAction\":[{\"@type\":\"ReadAction\",\"target\":[\"https:\/\/www.drreeferalz.com\/es\/oficina-de-tucson\/\"]}]},{\"@type\":\"ImageObject\",\"inLanguage\":\"es\",\"@id\":\"https:\/\/www.drreeferalz.com\/es\/oficina-de-tucson\/#primaryimage\",\"url\":\"https:\/\/www.drreeferalz.com\/wp-content\/uploads\/2024\/07\/leaf-left.png\",\"contentUrl\":\"https:\/\/www.drreeferalz.com\/wp-content\/uploads\/2024\/07\/leaf-left.png\"},{\"@type\":\"BreadcrumbList\",\"@id\":\"https:\/\/www.drreeferalz.com\/es\/oficina-de-tucson\/#breadcrumb\",\"itemListElement\":[{\"@type\":\"ListItem\",\"position\":1,\"name\":\"Home\",\"item\":\"https:\/\/www.drreeferalz.com\/es\/\"},{\"@type\":\"ListItem\",\"position\":2,\"name\":\"Oficina de Tucson\"}]},{\"@type\":\"WebSite\",\"@id\":\"https:\/\/www.drreeferalz.com\/es\/#website\",\"url\":\"https:\/\/www.drreeferalz.com\/es\/\",\"name\":\"Dr. Reeferalz Medical Marijuana Certifications\",\"description\":\"\",\"potentialAction\":[{\"@type\":\"SearchAction\",\"target\":{\"@type\":\"EntryPoint\",\"urlTemplate\":\"https:\/\/www.drreeferalz.com\/es\/?s={search_term_string}\"},\"query-input\":{\"@type\":\"PropertyValueSpecification\",\"valueRequired\":true,\"valueName\":\"search_term_string\"}}],\"inLanguage\":\"es\"}]}<\/script>\n<!-- \/ Yoast SEO plugin. -->","yoast_head_json":{"title":"Cl\u00ednica de Tarjeta de Evaluaci\u00f3n de Marihuana Medicinal en Tucson | DrReeferAlz","description":"Obt\u00e9n tu Tarjeta de Evaluaci\u00f3n de Marihuana Medicinal en Tucson con DrReeferAlz. Evaluaciones expertas y aprobaci\u00f3n r\u00e1pida de nuestros Doctores en Evaluaci\u00f3n M\u00e9dica de Marihuana.","robots":{"index":"index","follow":"follow","max-snippet":"max-snippet:-1","max-image-preview":"max-image-preview:large","max-video-preview":"max-video-preview:-1"},"canonical":"https:\/\/www.drreeferalz.com\/es\/oficina-de-tucson\/","og_locale":"es_ES","og_type":"article","og_title":"Cl\u00ednica de Tarjeta de Evaluaci\u00f3n de Marihuana Medicinal en Tucson | DrReeferAlz","og_description":"Obt\u00e9n tu Tarjeta de Evaluaci\u00f3n de Marihuana Medicinal en Tucson con DrReeferAlz. Evaluaciones expertas y aprobaci\u00f3n r\u00e1pida de nuestros Doctores en Evaluaci\u00f3n M\u00e9dica de Marihuana.","og_url":"https:\/\/www.drreeferalz.com\/es\/oficina-de-tucson\/","og_site_name":"Dr. Reeferalz Medical Marijuana Certifications","article_publisher":"https:\/\/www.facebook.com\/drreeferalztucson\/","article_modified_time":"2025-01-27T05:55:18+00:00","og_image":[{"url":"https:\/\/www.drreeferalz.com\/wp-content\/uploads\/2024\/07\/tucson-1024x559.jpeg","type":"","width":"","height":""}],"twitter_card":"summary_large_image","twitter_title":"Cl\u00ednica de Tarjeta de Evaluaci\u00f3n de Marihuana Medicinal en Tucson | DrReeferAlz","twitter_description":"Obt\u00e9n tu Tarjeta de Evaluaci\u00f3n de Marihuana Medicinal en Tucson con DrReeferAlz. Evaluaciones expertas y aprobaci\u00f3n r\u00e1pida de nuestros Doctores en Evaluaci\u00f3n M\u00e9dica de Marihuana.","twitter_image":"https:\/\/www.drreeferalz.com\/wp-content\/uploads\/2024\/07\/tucson-1024x559.jpeg","twitter_misc":{"Tiempo de lectura":"2 minutos"},"schema":{"@context":"https:\/\/schema.org","@graph":[{"@type":"WebPage","@id":"https:\/\/www.drreeferalz.com\/es\/oficina-de-tucson\/","url":"https:\/\/www.drreeferalz.com\/es\/oficina-de-tucson\/","name":"Cl\u00ednica de Tarjeta de Evaluaci\u00f3n de Marihuana Medicinal en Tucson | DrReeferAlz","isPartOf":{"@id":"https:\/\/www.drreeferalz.com\/es\/#website"},"primaryImageOfPage":{"@id":"https:\/\/www.drreeferalz.com\/es\/oficina-de-tucson\/#primaryimage"},"image":{"@id":"https:\/\/www.drreeferalz.com\/es\/oficina-de-tucson\/#primaryimage"},"thumbnailUrl":"https:\/\/www.drreeferalz.com\/wp-content\/uploads\/2024\/07\/leaf-left.png","datePublished":"2024-07-23T13:51:52+00:00","dateModified":"2025-01-27T05:55:18+00:00","description":"Obt\u00e9n tu Tarjeta de Evaluaci\u00f3n de Marihuana Medicinal en Tucson con DrReeferAlz. Evaluaciones expertas y aprobaci\u00f3n r\u00e1pida de nuestros Doctores en Evaluaci\u00f3n M\u00e9dica de Marihuana.","breadcrumb":{"@id":"https:\/\/www.drreeferalz.com\/es\/oficina-de-tucson\/#breadcrumb"},"inLanguage":"es","potentialAction":[{"@type":"ReadAction","target":["https:\/\/www.drreeferalz.com\/es\/oficina-de-tucson\/"]}]},{"@type":"ImageObject","inLanguage":"es","@id":"https:\/\/www.drreeferalz.com\/es\/oficina-de-tucson\/#primaryimage","url":"https:\/\/www.drreeferalz.com\/wp-content\/uploads\/2024\/07\/leaf-left.png","contentUrl":"https:\/\/www.drreeferalz.com\/wp-content\/uploads\/2024\/07\/leaf-left.png"},{"@type":"BreadcrumbList","@id":"https:\/\/www.drreeferalz.com\/es\/oficina-de-tucson\/#breadcrumb","itemListElement":[{"@type":"ListItem","position":1,"name":"Home","item":"https:\/\/www.drreeferalz.com\/es\/"},{"@type":"ListItem","position":2,"name":"Oficina de Tucson"}]},{"@type":"WebSite","@id":"https:\/\/www.drreeferalz.com\/es\/#website","url":"https:\/\/www.drreeferalz.com\/es\/","name":"Dr. Reeferalz Medical Marijuana Certifications","description":"","potentialAction":[{"@type":"SearchAction","target":{"@type":"EntryPoint","urlTemplate":"https:\/\/www.drreeferalz.com\/es\/?s={search_term_string}"},"query-input":{"@type":"PropertyValueSpecification","valueRequired":true,"valueName":"search_term_string"}}],"inLanguage":"es"}]}},"_links":{"self":[{"href":"https:\/\/www.drreeferalz.com\/es\/wp-json\/wp\/v2\/pages\/2252","targetHints":{"allow":["GET"]}}],"collection":[{"href":"https:\/\/www.drreeferalz.com\/es\/wp-json\/wp\/v2\/pages"}],"about":[{"href":"https:\/\/www.drreeferalz.com\/es\/wp-json\/wp\/v2\/types\/page"}],"author":[{"embeddable":true,"href":"https:\/\/www.drreeferalz.com\/es\/wp-json\/wp\/v2\/users\/1"}],"replies":[{"embeddable":true,"href":"https:\/\/www.drreeferalz.com\/es\/wp-json\/wp\/v2\/comments?post=2252"}],"version-history":[{"count":0,"href":"https:\/\/www.drreeferalz.com\/es\/wp-json\/wp\/v2\/pages\/2252\/revisions"}],"wp:attachment":[{"href":"https:\/\/www.drreeferalz.com\/es\/wp-json\/wp\/v2\/media?parent=2252"}],"curies":[{"name":"wp","href":"https:\/\/api.w.org\/{rel}","templated":true}]}}